{"id":1988,"date":"2024-11-07T11:56:58","date_gmt":"2024-11-07T11:56:58","guid":{"rendered":"https:\/\/stefanialucchetti.it\/prodotto\/coffee-stains-on-my-books-2\/"},"modified":"2025-11-04T20:21:48","modified_gmt":"2025-11-04T20:21:48","slug":"macchie-di-caffe-sui-miei-libri","status":"publish","type":"product","link":"https:\/\/stefanialucchetti.it\/en\/prodotto\/macchie-di-caffe-sui-miei-libri\/","title":{"rendered":"Macchie di caff\u00e8 sui miei libri"},"content":{"rendered":"","protected":false},"excerpt":{"rendered":"<p>Un libro che profuma di <strong>vita<\/strong>, di <strong>memoria<\/strong> e di <strong>poesia<\/strong>. <strong>\u00a0LA SECONDA EDIZIONE, <\/strong>con <strong>testi bilingui<\/strong> e <strong>illustrazioni originali<\/strong> di Gianluca Biscalchin, \u00e8 DISPONIBILE DAL 17 OTTOBRE!<\/p>\n<p><strong>Acquistalo in libreria e su tutti gli store online:<\/strong><\/p>\n<p><a href=\"https:\/\/www.amazon.it\/Macchie-caff%C3%A8-sui-miei-libri\/dp\/B0FK82VWZZ\">Clicca qui per acquistare su Amazon<\/a><\/p>\n<p><a href=\"https:\/\/www.lafeltrinelli.it\/macchie-di-caffe-sui-miei-libro-stefania-lucchetti\/e\/9791223612033\">Clicca qui per acquistare su Feltrinelli<\/a><\/p>\n<p><a href=\"https:\/\/www.hoepli.it\/libro\/macchie-di-caffe-sui-miei-libri\/9791223612033.html\">Clicca qui per acquistare su Hoepli<\/a><\/p>\n<p><a href=\"https:\/\/www.ibs.it\/macchie-di-caffe-sui-miei-libro-stefania-lucchetti\/e\/9791223612033?srsltid=AfmBOop84BKre44An5Em-qA5vi4RKOZ82YIm4M0TxPpaWchnZOyDyoJa\">Clicca qui per acquistare su IBS<\/a><\/p>\n<p><a href=\"https:\/\/www.mondadoristore.it\/macchie-di-caffe-sui-miei-libri-libro-stefania-lucchetti\/p\/9791223612033\">Clicca qui per acquistare su Mondadori<\/a><\/p>\n<p>Dopo il successo della prima edizione, torna in libreria <a href=\"https:\/\/www.lafeltrinelli.it\/macchie-di-caffe-sui-miei-libro-stefania-lucchetti\/e\/9791223612033\"><strong>Macchie di caff\u00e8 sui miei libri<\/strong><\/a>, la raccolta poetica di Stefania Lucchetti che ha conquistato lettori e critica con la sua forza intima e universale. Questa seconda edizione, arricchita da nuove illustrazioni di Gianluca Biscalchin e dalla versione bilingue italiano-inglese, invita i lettori a un viaggio unico tra identit\u00e0, maternit\u00e0, solitudine, desiderio e rinascita. La scrittura di Lucchetti non si limita a raccontare: scava, trasforma, accoglie l\u2019imperfezione e la rende poesia. Come ha scritto ANSA Cultura: \u00ab<em>C\u2019\u00e8 qualcosa di irrimediabilmente umano nell\u2019errore lieve e quotidiano di una tazza appoggiata<\/em> <em>male, nella distrazione che lascia sul foglio una macchia di caff\u00e8. (\u2026) \u00c8 l\u00ec, in quel punto in cui il<\/em> <em>caff\u00e8 sfiora l\u2019inchiostro, che comincia il vero raccon<\/em>to\u00bb. La silloge si distingue per l\u2019equilibrio tra la confessione privata e la risonanza collettiva, dando voce a esperienze che appartengono a tutti: la fragilit\u00e0, la forza, la capacit\u00e0 di rinascere. Ogni poesia diventa una traccia indelebile, un varco verso ci\u00f2 che siamo e ci\u00f2 che potremmo essere. Perch\u00e9 leggerlo? \u2022 Perch\u00e9 restituisce alla poesia la sua funzione originaria: accogliere e trasformare l\u2019esperienza umana. \u2022 Perch\u00e9 \u00e8 un libro capace di parlare tanto al lettore appassionato di poesia quanto a chi cerca una voce autentica con cui specchiarsi. \u2022 Perch\u00e9 \u00e8 una testimonianza di resilienza e creativit\u00e0 che unisce linguaggi, culture e generazioni. Con <strong>Macchie di caff\u00e8 sui miei libri<\/strong>, Stefania Lucchetti conferma di essere una delle voci poetiche pi\u00f9 interessanti del panorama contemporaneo, capace di unire introspezione e universalit\u00e0 in un linguaggio limpido e potente. <a href=\"https:\/\/www.ansa.it\/pressrelease\/cultura\/2025\/04\/28\/macchie-di-caffe-sui-miei-libri-la-cartografia-emotiva-dellesistenza-in-poesia_988526f7-77c7-431e-b90e-3de5f277a053.html\"><strong>Leggi l&#8217;articolo di critica letteraria uscito su ANSA il 28 aprile 2025 &#8211; Clicca qui<\/strong><\/a><\/p>\n<div class=\"vista-create-share\" data-vista-create-id=\"681a44fd202a1a92049dd586\"><a href=\"https:\/\/www.ansa.it\/pressrelease\/cultura\/2025\/04\/28\/macchie-di-caffe-sui-miei-libri-la-cartografia-emotiva-dellesistenza-in-poesia_988526f7-77c7-431e-b90e-3de5f277a053.html\"><img fetchpriority=\"high\" decoding=\"async\" class=\"size-medium wp-image-3728 alignleft\" src=\"https:\/\/stefanialucchetti.it\/wp-content\/uploads\/2025\/06\/Post-video-quadrato-1080x1080-px-300x300.jpeg\" alt=\"\" width=\"300\" height=\"300\" srcset=\"https:\/\/stefanialucchetti.it\/wp-content\/uploads\/2025\/06\/Post-video-quadrato-1080x1080-px-300x300.jpeg 300w, https:\/\/stefanialucchetti.it\/wp-content\/uploads\/2025\/06\/Post-video-quadrato-1080x1080-px-1024x1024.jpeg 1024w, https:\/\/stefanialucchetti.it\/wp-content\/uploads\/2025\/06\/Post-video-quadrato-1080x1080-px-150x150.jpeg 150w, https:\/\/stefanialucchetti.it\/wp-content\/uploads\/2025\/06\/Post-video-quadrato-1080x1080-px-768x768.jpeg 768w, https:\/\/stefanialucchetti.it\/wp-content\/uploads\/2025\/06\/Post-video-quadrato-1080x1080-px-1536x1536.jpeg 1536w, https:\/\/stefanialucchetti.it\/wp-content\/uploads\/2025\/06\/Post-video-quadrato-1080x1080-px-2048x2048.jpeg 2048w, https:\/\/stefanialucchetti.it\/wp-content\/uploads\/2025\/06\/Post-video-quadrato-1080x1080-px-600x600.jpeg 600w, https:\/\/stefanialucchetti.it\/wp-content\/uploads\/2025\/06\/Post-video-quadrato-1080x1080-px-100x100.jpeg 100w\" sizes=\"(max-width: 300px) 100vw, 300px\" \/><\/a><\/div>\n<h2><a href=\"https:\/\/www.ansa.it\/pressrelease\/cultura\/2025\/04\/28\/macchie-di-caffe-sui-miei-libri-la-cartografia-emotiva-dellesistenza-in-poesia_988526f7-77c7-431e-b90e-3de5f277a053.html\">Estratto <strong>ANSA<\/strong><\/a>:<\/h2>\n<p>&#8220;C\u2019\u00e8 qualcosa di irrimediabilmente umano nell\u2019<strong>errore<\/strong>\u00a0lieve e quotidiano di una tazza appoggiata male, nella distrazione che lascia sul foglio una\u00a0<strong>macchia di caff\u00e8<\/strong>. \u00c8 traccia, tempo che ha avuto il coraggio di depositarsi, testimonianza invisibile del vissuto che attraversa la pagina. <strong>\u201cMacchie di caff\u00e8 sui miei libri\u201d<\/strong>, titolo della raccolta poetica di\u00a0<strong>Stefania Lucchetti<\/strong>, pubblicata per il\u00a0<strong>Gruppo Albatros il Filo<\/strong>, \u00e8 a tutti gli effetti una dichiarazione poetica. La macchia non sempre si corregge: si accoglie. Il libro si apre cos\u00ec, in punta di piedi, ma con la forza di chi ha abitato l\u2019ombra e ne ha fatto parola. Ogni componimento \u00e8 una variazione sul tema dell\u2019<strong>imperfezione<\/strong>\u00a0che rivela, dell\u2019intimit\u00e0 che resiste. \u00c8 una poesia che non si impone, ma si offre,\u00a0<strong>archetipica<\/strong>\u00a0nel linguaggio,\u00a0<strong>contemporanea<\/strong>\u00a0nello sguardo. Ecco, allora, che la scrivania diventa altare, il libro corpo vivo, la macchia preghiera laica. \u00c8 l\u00ec, in quel punto in cui il caff\u00e8 sfiora l\u2019inchiostro, che comincia il vero racconto: quello che non ha bisogno di essere perfetto, ma soltanto\u00a0<strong>fedele alle emozioni<\/strong> che racconta. [&#8230;] <strong>Identit\u00e0, maternit\u00e0, solitudine, desiderio, rinascita<\/strong>: questi temi attraversano la raccolta, annodandosi come fili di un arazzo antico, in cui ogni nodo \u00e8 una ferita, ma anche un punto di resistenza. La poetica di Lucchetti \u00e8 una continua trasformazione: ogni dolore diventa soglia, ogni ferita un varco.&#8221;<\/p>\n<h2><\/h2>\n<h2><\/h2>\n<h2><strong>Estratto della prefazione a cura di Barbara Alberti:\u00a0 <\/strong><\/h2>\n<p>&#8220;Il libro offre due beni contrastanti che in esso si fondono: ci trovi te stesso e insieme una tregua dall&#8217;identit\u00e0. Meglio di tutti l&#8217;ha detto Emily Dickinson nei suoi versi pi\u00f9 famosi: <em>Non esiste un vascello come un libro \/ per portarci in terre lontane \/n\u00e9 corsieri come una pagina \/di poesia che si impenna.&#8221;<\/em><\/p>\n<p>&nbsp;<\/p>\n<p>https:\/\/youtube.com\/shorts\/APCy5FoYl6s<\/p>\n","protected":false},"featured_media":1748,"comment_status":"open","ping_status":"closed","template":"","meta":{"_acf_changed":false},"product_brand":[],"product_cat":[62],"product_tag":[994,995,996,997,998,1049,481,965,1000,1001,973,1002,1050,1004,975,978,1005,1006,1007,1008,1009,1010,1011,1012,1013,1014,1015,1016,1017,1018,981,1019,1020,1021,1022,984,1023,1024,1025,1026,1027,1051,1052,1030,1031,985,1032,1033,1034,1035,1036,1037,1038,1039,1040,1041,1042,1043,1044,1045,1046,1047,986,480,1048,477,479],"class_list":{"0":"post-1988","1":"product","2":"type-product","3":"status-publish","4":"has-post-thumbnail","6":"product_cat-uncategorized","7":"product_tag-autori-contemporanei-en","8":"product_tag-autori-famosi-en","9":"product_tag-autrici-contemporanee-en","10":"product_tag-autrici-italiane-en","11":"product_tag-autrici-italiane-famose-en","12":"product_tag-cose-la-poesia-en-2","13":"product_tag-emily-dickinson-en","14":"product_tag-filosofia-en","15":"product_tag-i-libri-di-poesie-piu-premiati-en","16":"product_tag-la-poesia-e-cyberpunk-en","17":"product_tag-le-piu-belle-poesie-italiane-en","18":"product_tag-le-piu-belle-poesie-mitologiche-en","19":"product_tag-le-piu-belle-poesie-sullarte-en-2","20":"product_tag-le-piu-belle-poesie-sulla-morte-en","21":"product_tag-letteratura-en","22":"product_tag-libri-da-leggere-en","23":"product_tag-libri-illustrati-en","24":"product_tag-libri-sul-lutto-en","25":"product_tag-libri-sulla-crescita-personale-en","26":"product_tag-libri-sulla-maternita-en","27":"product_tag-libri-sulla-perdita-en","28":"product_tag-libri-sulla-rinascita-en","29":"product_tag-libri-sulle-difficolta-en","30":"product_tag-libri-sulle-donne-en","31":"product_tag-libro-caffe-en","32":"product_tag-lutto-en","33":"product_tag-macchie-di-caffe-sui-miei-libri-en","34":"product_tag-maternita-en","35":"product_tag-menopausa-en","36":"product_tag-mitologia-en","37":"product_tag-narrativa-en","38":"product_tag-perdita-en","39":"product_tag-poesia-en","40":"product_tag-poesia-caffe-en","41":"product_tag-poesia-contemporanea-en","42":"product_tag-poesia-italiana-en","43":"product_tag-poesia-italiana-contemporanea-en","44":"product_tag-poesia-moderna-en","45":"product_tag-poesie-bellissime-en","46":"product_tag-poesie-brevi-en","47":"product_tag-poesie-con-temi-mitologici-en","48":"product_tag-poesie-damore-en-2","49":"product_tag-poesie-damore-brevi-en-2","50":"product_tag-poesie-di-alda-merini-en","51":"product_tag-poesie-di-emily-dickinson-en","52":"product_tag-poesie-di-persone-vere-en","53":"product_tag-poesie-di-rupi-kaur-en","54":"product_tag-poesie-dickinson-en","55":"product_tag-poesie-illustrate-en","56":"product_tag-poesie-italiane-en","57":"product_tag-poesie-su-afrodite-en","58":"product_tag-poesie-su-artemide-en","59":"product_tag-poesie-su-atena-en","60":"product_tag-poesie-su-cassandra-en","61":"product_tag-poesie-su-medusa-en","62":"product_tag-poesie-sui-disturbi-alimentari-en","63":"product_tag-poesie-sul-lutto-en","64":"product_tag-poesie-sulla-maternita-en","65":"product_tag-poesie-sulla-menopausa-en","66":"product_tag-poesie-sulla-morte-en","67":"product_tag-poesie-sulla-perdita-en","68":"product_tag-poesie-sulla-rinascita-en","69":"product_tag-poetesse-italiane-en","70":"product_tag-pomeriggi-di-amore-sospeso-en","71":"product_tag-psicologia-en","72":"product_tag-rupi-kaur","73":"product_tag-stefania-lucchetti-en","75":"first","76":"instock","77":"featured","78":"virtual","79":"purchasable","80":"product-type-simple"},"acf":[],"yoast_head":"<!-- This site is optimized with the Yoast SEO plugin v27.6 - https:\/\/yoast.com\/product\/yoast-seo-wordpress\/ -->\n<title>Macchie di caff\u00e8 sui miei libri - Stefania Lucchetti<\/title>\n<meta name=\"description\" content=\"In &quot;Macchie di caff\u00e8 sui miei libri&quot;, giunto alla seconda edizione con testi bilingui e illustrazioni di Gianluca Biscalchin, Stefania Lucchetti invita il lettore in un viaggio profondo e intimo di introspezione attraverso le imperfezioni della vita, trasformate in parole con sguardo contemporaneo e voce archetipica. Ogni poesia \u00e8 una soglia: un passaggio tra dolore e rinascita, solitudine e desiderio, identit\u00e0 e maternit\u00e0. Con uno stile che intreccia quotidiano e mitologia, filosofia e sentimento, Lucchetti esplora le complessit\u00e0 delle relazioni umane: dai legami affettivi alle connessioni trasformative con luoghi, arte e lo straordinario. Traendo ispirazione da letteratura, scienza, filosofia e mito, l\u2019autrice tesse un dialogo continuo tra immaginazione e realt\u00e0, pensiero ed emozione.\" \/>\n<meta name=\"robots\" content=\"index, follow, max-snippet:-1, max-image-preview:large, max-video-preview:-1\" \/>\n<link rel=\"canonical\" href=\"https:\/\/stefanialucchetti.it\/en\/prodotto\/macchie-di-caffe-sui-miei-libri\/\" \/>\n<meta property=\"og:locale\" content=\"en_US\" \/>\n<meta property=\"og:type\" content=\"article\" \/>\n<meta property=\"og:title\" content=\"Macchie di caff\u00e8 sui miei libri - Stefania Lucchetti\" \/>\n<meta property=\"og:description\" content=\"In &quot;Macchie di caff\u00e8 sui miei libri&quot;, giunto alla seconda edizione con testi bilingui e illustrazioni di Gianluca Biscalchin, Stefania Lucchetti invita il lettore in un viaggio profondo e intimo di introspezione attraverso le imperfezioni della vita, trasformate in parole con sguardo contemporaneo e voce archetipica. Ogni poesia \u00e8 una soglia: un passaggio tra dolore e rinascita, solitudine e desiderio, identit\u00e0 e maternit\u00e0. Con uno stile che intreccia quotidiano e mitologia, filosofia e sentimento, Lucchetti esplora le complessit\u00e0 delle relazioni umane: dai legami affettivi alle connessioni trasformative con luoghi, arte e lo straordinario. Traendo ispirazione da letteratura, scienza, filosofia e mito, l\u2019autrice tesse un dialogo continuo tra immaginazione e realt\u00e0, pensiero ed emozione.\" \/>\n<meta property=\"og:url\" content=\"https:\/\/stefanialucchetti.it\/en\/prodotto\/macchie-di-caffe-sui-miei-libri\/\" \/>\n<meta property=\"og:site_name\" content=\"Stefania Lucchetti\" \/>\n<meta property=\"article:modified_time\" content=\"2025-11-04T20:21:48+00:00\" \/>\n<meta property=\"og:image\" content=\"https:\/\/stefanialucchetti.it\/wp-content\/uploads\/2024\/11\/DSC02946_1.png\" \/>\n\t<meta property=\"og:image:width\" content=\"1100\" \/>\n\t<meta property=\"og:image:height\" content=\"1375\" \/>\n\t<meta property=\"og:image:type\" content=\"image\/png\" \/>\n<meta name=\"twitter:card\" content=\"summary_large_image\" \/>\n<meta name=\"twitter:label1\" content=\"Est. reading time\" \/>\n\t<meta name=\"twitter:data1\" content=\"1 minute\" \/>\n<script type=\"application\/ld+json\" class=\"yoast-schema-graph\">{\"@context\":\"https:\\\/\\\/schema.org\",\"@graph\":[{\"@type\":\"WebPage\",\"@id\":\"https:\\\/\\\/stefanialucchetti.it\\\/en\\\/prodotto\\\/macchie-di-caffe-sui-miei-libri\\\/\",\"url\":\"https:\\\/\\\/stefanialucchetti.it\\\/en\\\/prodotto\\\/macchie-di-caffe-sui-miei-libri\\\/\",\"name\":\"Macchie di caff\u00e8 sui miei libri - Stefania Lucchetti\",\"isPartOf\":{\"@id\":\"https:\\\/\\\/stefanialucchetti.it\\\/en\\\/#website\"},\"primaryImageOfPage\":{\"@id\":\"https:\\\/\\\/stefanialucchetti.it\\\/en\\\/prodotto\\\/macchie-di-caffe-sui-miei-libri\\\/#primaryimage\"},\"image\":{\"@id\":\"https:\\\/\\\/stefanialucchetti.it\\\/en\\\/prodotto\\\/macchie-di-caffe-sui-miei-libri\\\/#primaryimage\"},\"thumbnailUrl\":\"https:\\\/\\\/stefanialucchetti.it\\\/wp-content\\\/uploads\\\/2024\\\/11\\\/DSC02946_1.png\",\"datePublished\":\"2024-11-07T11:56:58+00:00\",\"dateModified\":\"2025-11-04T20:21:48+00:00\",\"description\":\"In \\\"Macchie di caff\u00e8 sui miei libri\\\", giunto alla seconda edizione con testi bilingui e illustrazioni di Gianluca Biscalchin, Stefania Lucchetti invita il lettore in un viaggio profondo e intimo di introspezione attraverso le imperfezioni della vita, trasformate in parole con sguardo contemporaneo e voce archetipica. Ogni poesia \u00e8 una soglia: un passaggio tra dolore e rinascita, solitudine e desiderio, identit\u00e0 e maternit\u00e0. Con uno stile che intreccia quotidiano e mitologia, filosofia e sentimento, Lucchetti esplora le complessit\u00e0 delle relazioni umane: dai legami affettivi alle connessioni trasformative con luoghi, arte e lo straordinario. Traendo ispirazione da letteratura, scienza, filosofia e mito, l\u2019autrice tesse un dialogo continuo tra immaginazione e realt\u00e0, pensiero ed emozione.\",\"breadcrumb\":{\"@id\":\"https:\\\/\\\/stefanialucchetti.it\\\/en\\\/prodotto\\\/macchie-di-caffe-sui-miei-libri\\\/#breadcrumb\"},\"inLanguage\":\"en-US\",\"potentialAction\":[{\"@type\":\"ReadAction\",\"target\":[\"https:\\\/\\\/stefanialucchetti.it\\\/en\\\/prodotto\\\/macchie-di-caffe-sui-miei-libri\\\/\"]}]},{\"@type\":\"ImageObject\",\"inLanguage\":\"en-US\",\"@id\":\"https:\\\/\\\/stefanialucchetti.it\\\/en\\\/prodotto\\\/macchie-di-caffe-sui-miei-libri\\\/#primaryimage\",\"url\":\"https:\\\/\\\/stefanialucchetti.it\\\/wp-content\\\/uploads\\\/2024\\\/11\\\/DSC02946_1.png\",\"contentUrl\":\"https:\\\/\\\/stefanialucchetti.it\\\/wp-content\\\/uploads\\\/2024\\\/11\\\/DSC02946_1.png\",\"width\":1100,\"height\":1375,\"caption\":\"Macchie di caff\u00e8 sui miei libri (2024)\"},{\"@type\":\"BreadcrumbList\",\"@id\":\"https:\\\/\\\/stefanialucchetti.it\\\/en\\\/prodotto\\\/macchie-di-caffe-sui-miei-libri\\\/#breadcrumb\",\"itemListElement\":[{\"@type\":\"ListItem\",\"position\":1,\"name\":\"Home\",\"item\":\"https:\\\/\\\/stefanialucchetti.it\\\/en\\\/\"},{\"@type\":\"ListItem\",\"position\":2,\"name\":\"Pagina strutturale bibliografia\",\"item\":\"https:\\\/\\\/stefanialucchetti.it\\\/bibliografia-stefania-lucchetti-2\\\/\"},{\"@type\":\"ListItem\",\"position\":3,\"name\":\"Macchie di caff\u00e8 sui miei libri\"}]},{\"@type\":\"WebSite\",\"@id\":\"https:\\\/\\\/stefanialucchetti.it\\\/en\\\/#website\",\"url\":\"https:\\\/\\\/stefanialucchetti.it\\\/en\\\/\",\"name\":\"Stefania Lucchetti\",\"description\":\"Contemporary Poetry\",\"potentialAction\":[{\"@type\":\"SearchAction\",\"target\":{\"@type\":\"EntryPoint\",\"urlTemplate\":\"https:\\\/\\\/stefanialucchetti.it\\\/en\\\/?s={search_term_string}\"},\"query-input\":{\"@type\":\"PropertyValueSpecification\",\"valueRequired\":true,\"valueName\":\"search_term_string\"}}],\"inLanguage\":\"en-US\"}]}<\/script>\n<!-- \/ Yoast SEO plugin. -->","yoast_head_json":{"title":"Macchie di caff\u00e8 sui miei libri - Stefania Lucchetti","description":"In \"Macchie di caff\u00e8 sui miei libri\", giunto alla seconda edizione con testi bilingui e illustrazioni di Gianluca Biscalchin, Stefania Lucchetti invita il lettore in un viaggio profondo e intimo di introspezione attraverso le imperfezioni della vita, trasformate in parole con sguardo contemporaneo e voce archetipica. Ogni poesia \u00e8 una soglia: un passaggio tra dolore e rinascita, solitudine e desiderio, identit\u00e0 e maternit\u00e0. Con uno stile che intreccia quotidiano e mitologia, filosofia e sentimento, Lucchetti esplora le complessit\u00e0 delle relazioni umane: dai legami affettivi alle connessioni trasformative con luoghi, arte e lo straordinario. Traendo ispirazione da letteratura, scienza, filosofia e mito, l\u2019autrice tesse un dialogo continuo tra immaginazione e realt\u00e0, pensiero ed emozione.","robots":{"index":"index","follow":"follow","max-snippet":"max-snippet:-1","max-image-preview":"max-image-preview:large","max-video-preview":"max-video-preview:-1"},"canonical":"https:\/\/stefanialucchetti.it\/en\/prodotto\/macchie-di-caffe-sui-miei-libri\/","og_locale":"en_US","og_type":"article","og_title":"Macchie di caff\u00e8 sui miei libri - Stefania Lucchetti","og_description":"In \"Macchie di caff\u00e8 sui miei libri\", giunto alla seconda edizione con testi bilingui e illustrazioni di Gianluca Biscalchin, Stefania Lucchetti invita il lettore in un viaggio profondo e intimo di introspezione attraverso le imperfezioni della vita, trasformate in parole con sguardo contemporaneo e voce archetipica. Ogni poesia \u00e8 una soglia: un passaggio tra dolore e rinascita, solitudine e desiderio, identit\u00e0 e maternit\u00e0. Con uno stile che intreccia quotidiano e mitologia, filosofia e sentimento, Lucchetti esplora le complessit\u00e0 delle relazioni umane: dai legami affettivi alle connessioni trasformative con luoghi, arte e lo straordinario. Traendo ispirazione da letteratura, scienza, filosofia e mito, l\u2019autrice tesse un dialogo continuo tra immaginazione e realt\u00e0, pensiero ed emozione.","og_url":"https:\/\/stefanialucchetti.it\/en\/prodotto\/macchie-di-caffe-sui-miei-libri\/","og_site_name":"Stefania Lucchetti","article_modified_time":"2025-11-04T20:21:48+00:00","og_image":[{"width":1100,"height":1375,"url":"https:\/\/stefanialucchetti.it\/wp-content\/uploads\/2024\/11\/DSC02946_1.png","type":"image\/png"}],"twitter_card":"summary_large_image","twitter_misc":{"Est. reading time":"1 minute"},"schema":{"@context":"https:\/\/schema.org","@graph":[{"@type":"WebPage","@id":"https:\/\/stefanialucchetti.it\/en\/prodotto\/macchie-di-caffe-sui-miei-libri\/","url":"https:\/\/stefanialucchetti.it\/en\/prodotto\/macchie-di-caffe-sui-miei-libri\/","name":"Macchie di caff\u00e8 sui miei libri - Stefania Lucchetti","isPartOf":{"@id":"https:\/\/stefanialucchetti.it\/en\/#website"},"primaryImageOfPage":{"@id":"https:\/\/stefanialucchetti.it\/en\/prodotto\/macchie-di-caffe-sui-miei-libri\/#primaryimage"},"image":{"@id":"https:\/\/stefanialucchetti.it\/en\/prodotto\/macchie-di-caffe-sui-miei-libri\/#primaryimage"},"thumbnailUrl":"https:\/\/stefanialucchetti.it\/wp-content\/uploads\/2024\/11\/DSC02946_1.png","datePublished":"2024-11-07T11:56:58+00:00","dateModified":"2025-11-04T20:21:48+00:00","description":"In \"Macchie di caff\u00e8 sui miei libri\", giunto alla seconda edizione con testi bilingui e illustrazioni di Gianluca Biscalchin, Stefania Lucchetti invita il lettore in un viaggio profondo e intimo di introspezione attraverso le imperfezioni della vita, trasformate in parole con sguardo contemporaneo e voce archetipica. Ogni poesia \u00e8 una soglia: un passaggio tra dolore e rinascita, solitudine e desiderio, identit\u00e0 e maternit\u00e0. Con uno stile che intreccia quotidiano e mitologia, filosofia e sentimento, Lucchetti esplora le complessit\u00e0 delle relazioni umane: dai legami affettivi alle connessioni trasformative con luoghi, arte e lo straordinario. Traendo ispirazione da letteratura, scienza, filosofia e mito, l\u2019autrice tesse un dialogo continuo tra immaginazione e realt\u00e0, pensiero ed emozione.","breadcrumb":{"@id":"https:\/\/stefanialucchetti.it\/en\/prodotto\/macchie-di-caffe-sui-miei-libri\/#breadcrumb"},"inLanguage":"en-US","potentialAction":[{"@type":"ReadAction","target":["https:\/\/stefanialucchetti.it\/en\/prodotto\/macchie-di-caffe-sui-miei-libri\/"]}]},{"@type":"ImageObject","inLanguage":"en-US","@id":"https:\/\/stefanialucchetti.it\/en\/prodotto\/macchie-di-caffe-sui-miei-libri\/#primaryimage","url":"https:\/\/stefanialucchetti.it\/wp-content\/uploads\/2024\/11\/DSC02946_1.png","contentUrl":"https:\/\/stefanialucchetti.it\/wp-content\/uploads\/2024\/11\/DSC02946_1.png","width":1100,"height":1375,"caption":"Macchie di caff\u00e8 sui miei libri (2024)"},{"@type":"BreadcrumbList","@id":"https:\/\/stefanialucchetti.it\/en\/prodotto\/macchie-di-caffe-sui-miei-libri\/#breadcrumb","itemListElement":[{"@type":"ListItem","position":1,"name":"Home","item":"https:\/\/stefanialucchetti.it\/en\/"},{"@type":"ListItem","position":2,"name":"Pagina strutturale bibliografia","item":"https:\/\/stefanialucchetti.it\/bibliografia-stefania-lucchetti-2\/"},{"@type":"ListItem","position":3,"name":"Macchie di caff\u00e8 sui miei libri"}]},{"@type":"WebSite","@id":"https:\/\/stefanialucchetti.it\/en\/#website","url":"https:\/\/stefanialucchetti.it\/en\/","name":"Stefania Lucchetti","description":"Contemporary Poetry","potentialAction":[{"@type":"SearchAction","target":{"@type":"EntryPoint","urlTemplate":"https:\/\/stefanialucchetti.it\/en\/?s={search_term_string}"},"query-input":{"@type":"PropertyValueSpecification","valueRequired":true,"valueName":"search_term_string"}}],"inLanguage":"en-US"}]}},"_links":{"self":[{"href":"https:\/\/stefanialucchetti.it\/en\/wp-json\/wp\/v2\/product\/1988","targetHints":{"allow":["GET"]}}],"collection":[{"href":"https:\/\/stefanialucchetti.it\/en\/wp-json\/wp\/v2\/product"}],"about":[{"href":"https:\/\/stefanialucchetti.it\/en\/wp-json\/wp\/v2\/types\/product"}],"replies":[{"embeddable":true,"href":"https:\/\/stefanialucchetti.it\/en\/wp-json\/wp\/v2\/comments?post=1988"}],"wp:featuredmedia":[{"embeddable":true,"href":"https:\/\/stefanialucchetti.it\/en\/wp-json\/wp\/v2\/media\/1748"}],"wp:attachment":[{"href":"https:\/\/stefanialucchetti.it\/en\/wp-json\/wp\/v2\/media?parent=1988"}],"wp:term":[{"taxonomy":"product_brand","embeddable":true,"href":"https:\/\/stefanialucchetti.it\/en\/wp-json\/wp\/v2\/product_brand?post=1988"},{"taxonomy":"product_cat","embeddable":true,"href":"https:\/\/stefanialucchetti.it\/en\/wp-json\/wp\/v2\/product_cat?post=1988"},{"taxonomy":"product_tag","embeddable":true,"href":"https:\/\/stefanialucchetti.it\/en\/wp-json\/wp\/v2\/product_tag?post=1988"}],"curies":[{"name":"wp","href":"https:\/\/api.w.org\/{rel}","templated":true}]}}