{"id":5463,"date":"2025-08-01T08:14:53","date_gmt":"2025-08-01T08:14:53","guid":{"rendered":"https:\/\/stefanialucchetti.it\/prodotto\/la-poesia-e-cyberpunk\/"},"modified":"2026-03-22T16:18:25","modified_gmt":"2026-03-22T16:18:25","slug":"la-poesia-e-cyberpunk","status":"publish","type":"product","link":"https:\/\/stefanialucchetti.it\/en\/prodotto\/la-poesia-e-cyberpunk\/","title":{"rendered":"La poesia \u00e8 cyberpunk"},"content":{"rendered":"","protected":false},"excerpt":{"rendered":"<p><a href=\"https:\/\/www.lafeltrinelli.it\/poesia-cyberpunk-libro-stefania-lucchetti\/e\/9791223608920?queryId=5c7b5a98b6be2f8b24eb1304fbf75f54\"><strong>La poesia \u00e8 cyberpunk<\/strong><\/a>\u00a0 di <strong>Stefania Lucchetti<\/strong> parla di anima, identit\u00e0 e umanesimo in un&#8217;epoca dominata dalla standardizzazione digitale<\/p>\n<p><a href=\"https:\/\/www.premiostrega.it\/PO\/2026\/03\/21\/i-libri-proposti-alla-quarta-edizione\/\">PROPOSTO AL PREMIO STREGA POESIA 2026<\/a><\/p>\n<p><strong><a href=\"https:\/\/amzn.eu\/d\/6cx6v5E\">Amazon<\/a><\/strong><\/p>\n<p><strong><a href=\"https:\/\/www.lafeltrinelli.it\/poesia-cyberpunk-libro-stefania-lucchetti\/e\/9791223608920?srsltid=AfmBOorDSZazhfsGdt3MKmEkKoNrL0Q4TOirzwfNPCAL90P_DdrkMmD3\">Feltrinelli<\/a><\/strong><\/p>\n<p><a href=\"https:\/\/www.ibs.it\/poesia-cyberpunk-libro-stefania-lucchetti\/e\/9791223608920?queryId=2a9f8419e164b9123af8cd966dc26eb4\">IBS<\/a><\/p>\n<p><a href=\"https:\/\/www.mondadoristore.it\/la-poesia-e-cyberpunk-libro-stefania-lucchetti\/p\/9791223608920\">Mondadori<\/a><\/p>\n<p><a href=\"https:\/\/www.hoepli.it\/libro\/la-poesia-e-cyberpunk\/9791223608920.html\">Hoepli<\/a><\/p>\n<p><a href=\"https:\/\/www.libraccio.it\/libro\/9791223608920\/stefania-lucchetti\/la-poesia-%c3%a8-cyberpunk.html\">Libraccio<\/a><\/p>\n<style>\n  #goodreads-widget {<br \/>    font-family: georgia, serif;<br \/>    padding: 18px 0;<br \/>    width:575px;<br \/>  }<br \/>  #goodreads-widget h1 {<br \/>    font-weight:normal;<br \/>    font-size: 16px;<br \/>    border-bottom: 1px solid #BBB596;<br \/>    margin-bottom: 0;<br \/>  }<br \/>  #goodreads-widget a {<br \/>    text-decoration: none;<br \/>    color:#660;<br \/>  }<br \/>  iframe{<br \/>    background-color: #ffffff;<br \/>  }<br \/>  #goodreads-widget a:hover { text-decoration: underline; }<br \/>  #goodreads-widget a:active {<br \/>    color:#660;<br \/>  }<br \/>  #gr_footer {<br \/>    width: 100%;<br \/>    border-top: 1px solid #BBB596;<br \/>    text-align: right;<br \/>  }<br \/>  #goodreads-widget .gr_branding{<br \/>    color: #382110;<br \/>    font-size: 11px;<br \/>    text-decoration: none;<br \/>    font-family: \"Helvetica Neue\", Helvetica, Arial, sans-serif;<br \/>  }<br \/><\/style>\n<div id=\"goodreads-widget\">\n<div id=\"gr_header\">\n<h1><a href=\"https:\/\/www.goodreads.com\/book\/show\/241556293-la-poesia-cyberpunk\" rel=\"nofollow\">&#8220;La poesia \u00e8 cyberpunk&#8221; su Goodreads<\/a><\/h1>\n<\/div>\n<p><iframe id=\"the_iframe\" src=\"https:\/\/www.goodreads.com\/api\/reviews_widget_iframe?did=DEVELOPER_ID&amp;format=html&amp;header_text=%22La+poesia+%C3%A8+cyberpunk%22+su+Goodreads&amp;isbn=9791223608920&amp;links=660&amp;min_rating=4&amp;num_reviews=&amp;review_back=ffffff&amp;stars=000000&amp;stylesheet=&amp;text=444\" width=\"575\" height=\"400\" frameborder=\"0\" sandbox=\"\"><\/iframe><\/p>\n<div id=\"gr_footer\"><a class=\"gr_branding\" href=\"https:\/\/www.goodreads.com\/book\/show\/241556293-la-poesia-cyberpunk?utm_medium=api&amp;utm_source=reviews_widget\" target=\"_blank\" rel=\"nofollow noopener noreferrer\">Reviews from Goodreads.com<\/a><\/div>\n<\/div>\n<p>&nbsp;<\/p>\n<p><img fetchpriority=\"high\" decoding=\"async\" class=\"alignnone size-large wp-image-5727\" src=\"https:\/\/stefanialucchetti.it\/wp-content\/uploads\/2025\/11\/page-3-1024x1024.jpeg\" alt=\"\" width=\"800\" height=\"800\" srcset=\"https:\/\/stefanialucchetti.it\/wp-content\/uploads\/2025\/11\/page-3-1024x1024.jpeg 1024w, https:\/\/stefanialucchetti.it\/wp-content\/uploads\/2025\/11\/page-3-300x300.jpeg 300w, https:\/\/stefanialucchetti.it\/wp-content\/uploads\/2025\/11\/page-3-150x150.jpeg 150w, https:\/\/stefanialucchetti.it\/wp-content\/uploads\/2025\/11\/page-3-768x768.jpeg 768w, https:\/\/stefanialucchetti.it\/wp-content\/uploads\/2025\/11\/page-3-1536x1536.jpeg 1536w, https:\/\/stefanialucchetti.it\/wp-content\/uploads\/2025\/11\/page-3-2048x2048.jpeg 2048w, https:\/\/stefanialucchetti.it\/wp-content\/uploads\/2025\/11\/page-3-600x600.jpeg 600w, https:\/\/stefanialucchetti.it\/wp-content\/uploads\/2025\/11\/page-3-100x100.jpeg 100w\" sizes=\"(max-width: 800px) 100vw, 800px\" \/><\/p>\n<p>Una rivoluzione poetica che fonde tecnologia, esistenzialismo e lirismo: scopri <a href=\"https:\/\/www.lafeltrinelli.it\/poesia-cyberpunk-libro-stefania-lucchetti\/e\/9791223608920?gad_source=1&amp;gad_campaignid=10393033608&amp;gbraid=0AAAAAD-Pe5y7Zj2yQhvVTbm3yq13u1684&amp;gclid=CjwKCAjw7fzDBhA7EiwAOqJkhzUAmtJmi186611ZzU7VEtynItV-IZ2_NMFU26meP0OJ-uW6UoVrsRoCkmsQAvD_BwE\"><strong>La poesia \u00e8 cyberpunk<\/strong>,<\/a> una raccolta bilingue di Stefania Lucchetti, pubblicata da Gruppo Albatros Il Filo.<\/p>\n<p>In un\u2019epoca dominata da dati, algoritmi e velocit\u00e0, Stefania Lucchetti afferma che la poesia \u00e8 atto di insurrezione, linguaggio sovversivo, rifugio umanissimo. In questa raccolta bilingue, l\u2019autrice si muove tra emozione e pensiero, carne e codice, restituendo versi che sono fendenti di verit\u00e0, specchi di fragilit\u00e0, visioni di mondi distopici fin troppo reali. Con uno stile diretto, a volte crudo, sempre autentico, Stefania Lucchetti attraversa i territori dell\u2019amore, della perdita, del corpo, della maternit\u00e0, della tecnologia e della memoria.<\/p>\n<p>In un filo conduttore che unisce filosofia, tecnologia, umanesimo e scienze della mente, le parole della poetessa diventano \u00ab&#8217;hacking&#8217; della cognizione\u00bb, e il poeta si fa ultimo baluardo di un umanesimo ribelle. Un viaggio poetico bilingue, lucido e visionario, che parla con la stessa urgenza al cuore e alla mente.<br \/>\n<strong><em>La poesia \u00e8 cyberpunk<\/em><\/strong> \u00e8 un viaggio lirico che unisce versi chiari e potenti, capaci di esprimere la fragile lotta dell\u2019anima tra tecnologia e umanit\u00e0. Lucchetti si fa hacker della cognizione, poeta e ribelle, per dar voce alla profondit\u00e0 dell&#8217;essere e alla ricerca di <strong>identit\u00e0 <\/strong>e <strong>anima<\/strong>. Con riferimenti culturali ai padri del <em>cyberpunk<\/em> come William Gibson e Philip K. Dick, la silloge esplora i nuovi paradigmi dell\u2019esistenza, dal data capitalism alla pervasivit\u00e0 digitale, offrendo al lettore uno specchio inquietante e affascinante del nostro presente.<br \/>\nIl libro, edito in italiano e inglese, \u00e8 anche un omaggio al bilinguisimo dell\u2019autrice, che condivide un dialogo autentico tra due lingue, due sensibilit\u00e0, due mondi.<br \/>\nUn testo che non solo parla di <strong>poesia<\/strong>, ma che la reinventa come s<strong>trumento di lotta, filosofia esistenziale e resistenza alla deumanizzazione<\/strong>.<\/p>\n<p>https:\/\/youtube.com\/shorts\/uWqco1zldCE?si=h7Wqr9wk4WHTRV0h<\/p>\n<p>https:\/\/youtube.com\/shorts\/ppIDfi_FvDU<\/p>\n","protected":false},"featured_media":3759,"comment_status":"open","ping_status":"closed","template":"","meta":{"_acf_changed":false},"product_brand":[],"product_cat":[62],"product_tag":[961,962,963,964,965,1142,966,967,968,970,283,972,973,974,975,976,977,978,979,980,981,982,983,984,985,986,987,988,989,990,479,991,992,993],"class_list":{"0":"post-5463","1":"product","2":"type-product","3":"status-publish","4":"has-post-thumbnail","6":"product_cat-uncategorized","7":"product_tag-che-cose-la-poesia-en","8":"product_tag-cognizione-en","9":"product_tag-come-definire-la-poesia-en","10":"product_tag-cyberpunk-en","11":"product_tag-filosofia-en","12":"product_tag-filosofia-del-linguaggio-en","13":"product_tag-filosofia-e-tecnologia-en","14":"product_tag-filosofia-tecnologia-e-scienze-della-mente-en","15":"product_tag-filosofia-umanista-en","16":"product_tag-i-libri-piu-innovativi-en","17":"product_tag-italian-contemporary-poetry-en","18":"product_tag-la-poesia-del-xxi-secolo-en","19":"product_tag-le-piu-belle-poesie-italiane-en","20":"product_tag-leggere-en","21":"product_tag-letteratura-en","22":"product_tag-librerie-en","23":"product_tag-libri-cyberpunk-en","24":"product_tag-libri-da-leggere-en","25":"product_tag-libri-interessanti-adulti-en","26":"product_tag-monna-lisa-cyberpunk-en","27":"product_tag-narrativa-en","28":"product_tag-nuovi-libri-a-settembre-en","29":"product_tag-poeise-bilingui-en","30":"product_tag-poesia-italiana-en","31":"product_tag-poesie-di-persone-vere-en","32":"product_tag-poetesse-italiane-en","33":"product_tag-raccolta-bilingue-en","34":"product_tag-ribellione-en","35":"product_tag-scrittrici-contemporanee-en","36":"product_tag-scrittrici-italiane-en","37":"product_tag-stefania-lucchetti-en","38":"product_tag-tecnologia-en","39":"product_tag-umanesimo-en","40":"product_tag-umanesimo-e-tecnologia-en","42":"first","43":"instock","44":"shipping-taxable","45":"purchasable","46":"product-type-simple"},"acf":[],"yoast_head":"<!-- This site is optimized with the Yoast SEO plugin v27.6 - https:\/\/yoast.com\/product\/yoast-seo-wordpress\/ -->\n<title>La poesia \u00e8 cyberpunk - Stefania Lucchetti<\/title>\n<meta name=\"description\" content=\"In un\u2019epoca dominata da dati, algoritmi e velocit\u00e0, Stefania Lucchetti afferma che la poesia \u00e8 atto di insurrezione, linguaggio sovversivo, rifugio umanissimo. In questa raccolta bilingue, l\u2019autrice si muove tra emozione e pensiero, carne e codice, restituendo versi che sono fendenti di verit\u00e0, specchi di fragilit\u00e0, visioni di mondi distopici fin troppo reali. Con uno stile diretto, a volte crudo, sempre autentico, Stefania Lucchetti attraversa i territori dell\u2019amore, della perdita, del corpo, della maternit\u00e0, della tecnologia e della memoria. Le sue parole diventano \u00ab&#039;hacking&#039; della cognizione\u00bb, e il poeta si fa ultimo baluardo di un umanesimo ribelle. Un viaggio poetico bilingue, lucido e visionario, che parla con la stessa urgenza al cuore e alla mente.\" \/>\n<meta name=\"robots\" content=\"index, follow, max-snippet:-1, max-image-preview:large, max-video-preview:-1\" \/>\n<link rel=\"canonical\" href=\"https:\/\/stefanialucchetti.it\/en\/prodotto\/la-poesia-e-cyberpunk\/\" \/>\n<meta property=\"og:locale\" content=\"en_US\" \/>\n<meta property=\"og:type\" content=\"article\" \/>\n<meta property=\"og:title\" content=\"La poesia \u00e8 cyberpunk - Stefania Lucchetti\" \/>\n<meta property=\"og:description\" content=\"In un\u2019epoca dominata da dati, algoritmi e velocit\u00e0, Stefania Lucchetti afferma che la poesia \u00e8 atto di insurrezione, linguaggio sovversivo, rifugio umanissimo. In questa raccolta bilingue, l\u2019autrice si muove tra emozione e pensiero, carne e codice, restituendo versi che sono fendenti di verit\u00e0, specchi di fragilit\u00e0, visioni di mondi distopici fin troppo reali. Con uno stile diretto, a volte crudo, sempre autentico, Stefania Lucchetti attraversa i territori dell\u2019amore, della perdita, del corpo, della maternit\u00e0, della tecnologia e della memoria. Le sue parole diventano \u00ab&#039;hacking&#039; della cognizione\u00bb, e il poeta si fa ultimo baluardo di un umanesimo ribelle. Un viaggio poetico bilingue, lucido e visionario, che parla con la stessa urgenza al cuore e alla mente.\" \/>\n<meta property=\"og:url\" content=\"https:\/\/stefanialucchetti.it\/en\/prodotto\/la-poesia-e-cyberpunk\/\" \/>\n<meta property=\"og:site_name\" content=\"Stefania Lucchetti\" \/>\n<meta property=\"article:modified_time\" content=\"2026-03-22T16:18:25+00:00\" \/>\n<meta property=\"og:image\" content=\"https:\/\/stefanialucchetti.it\/wp-content\/uploads\/2025\/06\/cyberpunk-jpg.jpg\" \/>\n\t<meta property=\"og:image:width\" content=\"1081\" \/>\n\t<meta property=\"og:image:height\" content=\"1713\" \/>\n\t<meta property=\"og:image:type\" content=\"image\/jpeg\" \/>\n<meta name=\"twitter:card\" content=\"summary_large_image\" \/>\n<meta name=\"twitter:label1\" content=\"Est. reading time\" \/>\n\t<meta name=\"twitter:data1\" content=\"1 minute\" \/>\n<script type=\"application\/ld+json\" class=\"yoast-schema-graph\">{\"@context\":\"https:\\\/\\\/schema.org\",\"@graph\":[{\"@type\":\"WebPage\",\"@id\":\"https:\\\/\\\/stefanialucchetti.it\\\/en\\\/prodotto\\\/la-poesia-e-cyberpunk\\\/\",\"url\":\"https:\\\/\\\/stefanialucchetti.it\\\/en\\\/prodotto\\\/la-poesia-e-cyberpunk\\\/\",\"name\":\"La poesia \u00e8 cyberpunk - Stefania Lucchetti\",\"isPartOf\":{\"@id\":\"https:\\\/\\\/stefanialucchetti.it\\\/en\\\/#website\"},\"primaryImageOfPage\":{\"@id\":\"https:\\\/\\\/stefanialucchetti.it\\\/en\\\/prodotto\\\/la-poesia-e-cyberpunk\\\/#primaryimage\"},\"image\":{\"@id\":\"https:\\\/\\\/stefanialucchetti.it\\\/en\\\/prodotto\\\/la-poesia-e-cyberpunk\\\/#primaryimage\"},\"thumbnailUrl\":\"https:\\\/\\\/stefanialucchetti.it\\\/wp-content\\\/uploads\\\/2025\\\/06\\\/cyberpunk-jpg.jpg\",\"datePublished\":\"2025-08-01T08:14:53+00:00\",\"dateModified\":\"2026-03-22T16:18:25+00:00\",\"description\":\"In un\u2019epoca dominata da dati, algoritmi e velocit\u00e0, Stefania Lucchetti afferma che la poesia \u00e8 atto di insurrezione, linguaggio sovversivo, rifugio umanissimo. In questa raccolta bilingue, l\u2019autrice si muove tra emozione e pensiero, carne e codice, restituendo versi che sono fendenti di verit\u00e0, specchi di fragilit\u00e0, visioni di mondi distopici fin troppo reali. Con uno stile diretto, a volte crudo, sempre autentico, Stefania Lucchetti attraversa i territori dell\u2019amore, della perdita, del corpo, della maternit\u00e0, della tecnologia e della memoria. Le sue parole diventano \u00ab'hacking' della cognizione\u00bb, e il poeta si fa ultimo baluardo di un umanesimo ribelle. Un viaggio poetico bilingue, lucido e visionario, che parla con la stessa urgenza al cuore e alla mente.\",\"breadcrumb\":{\"@id\":\"https:\\\/\\\/stefanialucchetti.it\\\/en\\\/prodotto\\\/la-poesia-e-cyberpunk\\\/#breadcrumb\"},\"inLanguage\":\"en-US\",\"potentialAction\":[{\"@type\":\"ReadAction\",\"target\":[\"https:\\\/\\\/stefanialucchetti.it\\\/en\\\/prodotto\\\/la-poesia-e-cyberpunk\\\/\"]}]},{\"@type\":\"ImageObject\",\"inLanguage\":\"en-US\",\"@id\":\"https:\\\/\\\/stefanialucchetti.it\\\/en\\\/prodotto\\\/la-poesia-e-cyberpunk\\\/#primaryimage\",\"url\":\"https:\\\/\\\/stefanialucchetti.it\\\/wp-content\\\/uploads\\\/2025\\\/06\\\/cyberpunk-jpg.jpg\",\"contentUrl\":\"https:\\\/\\\/stefanialucchetti.it\\\/wp-content\\\/uploads\\\/2025\\\/06\\\/cyberpunk-jpg.jpg\",\"width\":1081,\"height\":1713},{\"@type\":\"BreadcrumbList\",\"@id\":\"https:\\\/\\\/stefanialucchetti.it\\\/en\\\/prodotto\\\/la-poesia-e-cyberpunk\\\/#breadcrumb\",\"itemListElement\":[{\"@type\":\"ListItem\",\"position\":1,\"name\":\"Home\",\"item\":\"https:\\\/\\\/stefanialucchetti.it\\\/en\\\/\"},{\"@type\":\"ListItem\",\"position\":2,\"name\":\"Pagina strutturale bibliografia\",\"item\":\"https:\\\/\\\/stefanialucchetti.it\\\/bibliografia-stefania-lucchetti-2\\\/\"},{\"@type\":\"ListItem\",\"position\":3,\"name\":\"La poesia \u00e8 cyberpunk\"}]},{\"@type\":\"WebSite\",\"@id\":\"https:\\\/\\\/stefanialucchetti.it\\\/en\\\/#website\",\"url\":\"https:\\\/\\\/stefanialucchetti.it\\\/en\\\/\",\"name\":\"Stefania Lucchetti\",\"description\":\"Contemporary Poetry\",\"potentialAction\":[{\"@type\":\"SearchAction\",\"target\":{\"@type\":\"EntryPoint\",\"urlTemplate\":\"https:\\\/\\\/stefanialucchetti.it\\\/en\\\/?s={search_term_string}\"},\"query-input\":{\"@type\":\"PropertyValueSpecification\",\"valueRequired\":true,\"valueName\":\"search_term_string\"}}],\"inLanguage\":\"en-US\"}]}<\/script>\n<!-- \/ Yoast SEO plugin. -->","yoast_head_json":{"title":"La poesia \u00e8 cyberpunk - Stefania Lucchetti","description":"In un\u2019epoca dominata da dati, algoritmi e velocit\u00e0, Stefania Lucchetti afferma che la poesia \u00e8 atto di insurrezione, linguaggio sovversivo, rifugio umanissimo. In questa raccolta bilingue, l\u2019autrice si muove tra emozione e pensiero, carne e codice, restituendo versi che sono fendenti di verit\u00e0, specchi di fragilit\u00e0, visioni di mondi distopici fin troppo reali. Con uno stile diretto, a volte crudo, sempre autentico, Stefania Lucchetti attraversa i territori dell\u2019amore, della perdita, del corpo, della maternit\u00e0, della tecnologia e della memoria. Le sue parole diventano \u00ab'hacking' della cognizione\u00bb, e il poeta si fa ultimo baluardo di un umanesimo ribelle. Un viaggio poetico bilingue, lucido e visionario, che parla con la stessa urgenza al cuore e alla mente.","robots":{"index":"index","follow":"follow","max-snippet":"max-snippet:-1","max-image-preview":"max-image-preview:large","max-video-preview":"max-video-preview:-1"},"canonical":"https:\/\/stefanialucchetti.it\/en\/prodotto\/la-poesia-e-cyberpunk\/","og_locale":"en_US","og_type":"article","og_title":"La poesia \u00e8 cyberpunk - Stefania Lucchetti","og_description":"In un\u2019epoca dominata da dati, algoritmi e velocit\u00e0, Stefania Lucchetti afferma che la poesia \u00e8 atto di insurrezione, linguaggio sovversivo, rifugio umanissimo. In questa raccolta bilingue, l\u2019autrice si muove tra emozione e pensiero, carne e codice, restituendo versi che sono fendenti di verit\u00e0, specchi di fragilit\u00e0, visioni di mondi distopici fin troppo reali. Con uno stile diretto, a volte crudo, sempre autentico, Stefania Lucchetti attraversa i territori dell\u2019amore, della perdita, del corpo, della maternit\u00e0, della tecnologia e della memoria. Le sue parole diventano \u00ab'hacking' della cognizione\u00bb, e il poeta si fa ultimo baluardo di un umanesimo ribelle. Un viaggio poetico bilingue, lucido e visionario, che parla con la stessa urgenza al cuore e alla mente.","og_url":"https:\/\/stefanialucchetti.it\/en\/prodotto\/la-poesia-e-cyberpunk\/","og_site_name":"Stefania Lucchetti","article_modified_time":"2026-03-22T16:18:25+00:00","og_image":[{"width":1081,"height":1713,"url":"https:\/\/stefanialucchetti.it\/wp-content\/uploads\/2025\/06\/cyberpunk-jpg.jpg","type":"image\/jpeg"}],"twitter_card":"summary_large_image","twitter_misc":{"Est. reading time":"1 minute"},"schema":{"@context":"https:\/\/schema.org","@graph":[{"@type":"WebPage","@id":"https:\/\/stefanialucchetti.it\/en\/prodotto\/la-poesia-e-cyberpunk\/","url":"https:\/\/stefanialucchetti.it\/en\/prodotto\/la-poesia-e-cyberpunk\/","name":"La poesia \u00e8 cyberpunk - Stefania Lucchetti","isPartOf":{"@id":"https:\/\/stefanialucchetti.it\/en\/#website"},"primaryImageOfPage":{"@id":"https:\/\/stefanialucchetti.it\/en\/prodotto\/la-poesia-e-cyberpunk\/#primaryimage"},"image":{"@id":"https:\/\/stefanialucchetti.it\/en\/prodotto\/la-poesia-e-cyberpunk\/#primaryimage"},"thumbnailUrl":"https:\/\/stefanialucchetti.it\/wp-content\/uploads\/2025\/06\/cyberpunk-jpg.jpg","datePublished":"2025-08-01T08:14:53+00:00","dateModified":"2026-03-22T16:18:25+00:00","description":"In un\u2019epoca dominata da dati, algoritmi e velocit\u00e0, Stefania Lucchetti afferma che la poesia \u00e8 atto di insurrezione, linguaggio sovversivo, rifugio umanissimo. In questa raccolta bilingue, l\u2019autrice si muove tra emozione e pensiero, carne e codice, restituendo versi che sono fendenti di verit\u00e0, specchi di fragilit\u00e0, visioni di mondi distopici fin troppo reali. Con uno stile diretto, a volte crudo, sempre autentico, Stefania Lucchetti attraversa i territori dell\u2019amore, della perdita, del corpo, della maternit\u00e0, della tecnologia e della memoria. Le sue parole diventano \u00ab'hacking' della cognizione\u00bb, e il poeta si fa ultimo baluardo di un umanesimo ribelle. Un viaggio poetico bilingue, lucido e visionario, che parla con la stessa urgenza al cuore e alla mente.","breadcrumb":{"@id":"https:\/\/stefanialucchetti.it\/en\/prodotto\/la-poesia-e-cyberpunk\/#breadcrumb"},"inLanguage":"en-US","potentialAction":[{"@type":"ReadAction","target":["https:\/\/stefanialucchetti.it\/en\/prodotto\/la-poesia-e-cyberpunk\/"]}]},{"@type":"ImageObject","inLanguage":"en-US","@id":"https:\/\/stefanialucchetti.it\/en\/prodotto\/la-poesia-e-cyberpunk\/#primaryimage","url":"https:\/\/stefanialucchetti.it\/wp-content\/uploads\/2025\/06\/cyberpunk-jpg.jpg","contentUrl":"https:\/\/stefanialucchetti.it\/wp-content\/uploads\/2025\/06\/cyberpunk-jpg.jpg","width":1081,"height":1713},{"@type":"BreadcrumbList","@id":"https:\/\/stefanialucchetti.it\/en\/prodotto\/la-poesia-e-cyberpunk\/#breadcrumb","itemListElement":[{"@type":"ListItem","position":1,"name":"Home","item":"https:\/\/stefanialucchetti.it\/en\/"},{"@type":"ListItem","position":2,"name":"Pagina strutturale bibliografia","item":"https:\/\/stefanialucchetti.it\/bibliografia-stefania-lucchetti-2\/"},{"@type":"ListItem","position":3,"name":"La poesia \u00e8 cyberpunk"}]},{"@type":"WebSite","@id":"https:\/\/stefanialucchetti.it\/en\/#website","url":"https:\/\/stefanialucchetti.it\/en\/","name":"Stefania Lucchetti","description":"Contemporary Poetry","potentialAction":[{"@type":"SearchAction","target":{"@type":"EntryPoint","urlTemplate":"https:\/\/stefanialucchetti.it\/en\/?s={search_term_string}"},"query-input":{"@type":"PropertyValueSpecification","valueRequired":true,"valueName":"search_term_string"}}],"inLanguage":"en-US"}]}},"_links":{"self":[{"href":"https:\/\/stefanialucchetti.it\/en\/wp-json\/wp\/v2\/product\/5463","targetHints":{"allow":["GET"]}}],"collection":[{"href":"https:\/\/stefanialucchetti.it\/en\/wp-json\/wp\/v2\/product"}],"about":[{"href":"https:\/\/stefanialucchetti.it\/en\/wp-json\/wp\/v2\/types\/product"}],"replies":[{"embeddable":true,"href":"https:\/\/stefanialucchetti.it\/en\/wp-json\/wp\/v2\/comments?post=5463"}],"wp:featuredmedia":[{"embeddable":true,"href":"https:\/\/stefanialucchetti.it\/en\/wp-json\/wp\/v2\/media\/3759"}],"wp:attachment":[{"href":"https:\/\/stefanialucchetti.it\/en\/wp-json\/wp\/v2\/media?parent=5463"}],"wp:term":[{"taxonomy":"product_brand","embeddable":true,"href":"https:\/\/stefanialucchetti.it\/en\/wp-json\/wp\/v2\/product_brand?post=5463"},{"taxonomy":"product_cat","embeddable":true,"href":"https:\/\/stefanialucchetti.it\/en\/wp-json\/wp\/v2\/product_cat?post=5463"},{"taxonomy":"product_tag","embeddable":true,"href":"https:\/\/stefanialucchetti.it\/en\/wp-json\/wp\/v2\/product_tag?post=5463"}],"curies":[{"name":"wp","href":"https:\/\/api.w.org\/{rel}","templated":true}]}}